{"id":2522,"date":"2023-11-27T19:30:19","date_gmt":"2023-11-27T19:30:19","guid":{"rendered":"https:\/\/thoselashesbeautique.com\/?page_id=2522"},"modified":"2023-11-27T19:36:27","modified_gmt":"2023-11-27T19:36:27","slug":"reviews","status":"publish","type":"page","link":"https:\/\/thoselashesbeautique.com\/es\/reviews\/","title":{"rendered":"Rese\u00f1as"},"content":{"rendered":"<div class=\"wpb-content-wrapper\"><div class=\"vc_row wpb_row vc_row-fluid\"><div class=\"wpb_column vc_column_container vc_col-sm-12\"><div class=\"vc_column-inner\"><div class=\"wpb_wrapper\"><div style=\"background-color:;height: 30px\" class=\"nicdark_section\"><\/div>\n\n  <!--START TESTIMONIAL-->\n  <div class=\"nd_options_section\">\n                                            \n    <div style=\"background-color:#000000\" class=\"nd_options_section nd_options_padding_40 nd_options_border_radius_3 nd_options_text_align_center nd_options_box_sizing_border_box\">\n      <p class=\"nd_options_color_white nd_options_margin_0_important\">\u00a1El comienzo m\u00e1s incre\u00edble de mi viaje con las pesta\u00f1as que jam\u00e1s podr\u00eda haber pedido! \u00a1Aprend\u00ed mucho, me divert\u00ed mucho y ahora estoy muy motivada! - \u00c1ngel-Marie<\/p>\n    <\/div> \n    <div class=\"nd_options_section\">\n      <div style=\"border-top-color:#000000\" class=\"nd_options_margin_auto nd_options_height_0 nd_options_width_0 nd_options_border_style_solid nd_options_border_color_transparent nd_options_border_width_15 nd_options_border_bottom_width_0\"><\/div> \n    <\/div>\n    <div class=\"nd_options_section nd_options_height_20\"><\/div>\n\n\n    <div class=\"nd_options_section nd_options_text_align_center\">\n      <img decoding=\"async\" width=\"80\" class=\"nd_options_border_radius_100_percentage\" src=\"https:\/\/thoselashesbeautique.com\/wp-content\/uploads\/2023\/11\/1717601-200-150x150.png\"> \n      <div class=\"nd_options_section nd_options_height_20\"><\/div>\n      <h4 class=\"nd_options_margin_0_important\"><\/h4>\n      <div class=\"nd_options_section nd_options_height_10\"><\/div>\n      <p class=\"nd_options_margin_0_important\"><\/p>\n    <\/div>  \n\n\n  <\/div>\n  <!--END TESTIMONIAL-->\n\n   \n\n  <!--START TESTIMONIAL-->\n  <div class=\"nd_options_section\">\n                                            \n    <div style=\"background-color:#000000\" class=\"nd_options_section nd_options_padding_20 nd_options_box_sizing_border_box\">\n      <p class=\"nd_options_color_white nd_options_margin_0_important\">Me encanto la clase todas las dudas fueron explicadas perfectamente es un ambiente muy bonito muy recomendable \ud83d\ude03 - Marisol solorzano<\/p>\n    <\/div> \n    <div class=\"nd_options_section\">\n      <div style=\"border-top-color:#000000\" class=\"nd_options_margin_left_20 nd_options_height_0 nd_options_width_0 nd_options_border_style_solid nd_options_border_color_transparent nd_options_border_width_15 nd_options_border_bottom_width_0\"><\/div> \n    <\/div>\n    <div class=\"nd_options_section nd_options_height_20\"><\/div>\n\n    <div class=\"nd_options_section  nd_options_position_relative\">\n\n      <img decoding=\"async\" alt=\"\" width=\"70\" height=\"70\" class=\"nd_options_position_absolute nd_options_border_radius_100_percentage nd_options_top_0 nd_options_left_0\" src=\"https:\/\/thoselashesbeautique.com\/wp-content\/uploads\/2023\/11\/1717601-200-150x150.png\">\n      \n      <div class=\"nd_options_section nd_options_padding_left_90 nd_options_min_height_70 nd_options_box_sizing_border_box\">\n        <div class=\"nd_options_section nd_options_height_10\"><\/div>\n        <h4 class=\"nd_options_margin_0_important nd_options_font_weight_normal\"><\/h4>\n        <div class=\"nd_options_section nd_options_height_10\"><\/div>\n        <p class=\"nd_options_margin_0_important\"><\/p>\n      <\/div>\n\n    <\/div> \n\n\n  <\/div>\n  <!--END TESTIMONIAL-->\n\n   \n\n  <!--START TESTIMONIAL-->\n  <div class=\"nd_options_section\">\n                                            \n    <div style=\"background-color:#000000\" class=\"nd_options_section nd_options_padding_40 nd_options_border_radius_3 nd_options_text_align_center nd_options_box_sizing_border_box\">\n      <p class=\"nd_options_color_white nd_options_margin_0_important\">Mi nombre es Alessandra, y tome el curso de pesta\u00f1as para principiantes y lo recomiendo mucho, ya que Brianda es muy atenta, pero sobre todo dedicada a su trabajo, me gusta mucho con la paciencia que nos ense\u00f1a, la clase no se nos hace pesada por lo mismo que ella la hace ser divertida Lo mejor de todo es que ella se acopla a nuestra disponibilidad\n100% Recomendada sin duda alguna volver\u00eda a tomar el curso - Alessandra<\/p>\n    <\/div> \n    <div class=\"nd_options_section\">\n      <div style=\"border-top-color:#000000\" class=\"nd_options_margin_auto nd_options_height_0 nd_options_width_0 nd_options_border_style_solid nd_options_border_color_transparent nd_options_border_width_15 nd_options_border_bottom_width_0\"><\/div> \n    <\/div>\n    <div class=\"nd_options_section nd_options_height_20\"><\/div>\n\n\n    <div class=\"nd_options_section nd_options_text_align_center\">\n      <img decoding=\"async\" width=\"80\" class=\"nd_options_border_radius_100_percentage\" src=\"https:\/\/thoselashesbeautique.com\/wp-content\/uploads\/2023\/11\/1717601-200-150x150.png\"> \n      <div class=\"nd_options_section nd_options_height_20\"><\/div>\n      <h4 class=\"nd_options_margin_0_important\"><\/h4>\n      <div class=\"nd_options_section nd_options_height_10\"><\/div>\n      <p class=\"nd_options_margin_0_important\"><\/p>\n    <\/div>  \n\n\n  <\/div>\n  <!--END TESTIMONIAL-->\n\n   \n\n  <!--START TESTIMONIAL-->\n  <div class=\"nd_options_section\">\n                                            \n    <div style=\"background-color:#000000\" class=\"nd_options_section nd_options_padding_20 nd_options_box_sizing_border_box\">\n      <p class=\"nd_options_color_white nd_options_margin_0_important\">It was a pleasure to take Brianda\u2019s beginners course. She\u2019s very patient, kind and professional! She love\u2019s to share her knowledge and experience in this industry and I can not wait to start this amazing beauty path. - Kim Poveda<\/p>\n    <\/div> \n    <div class=\"nd_options_section\">\n      <div style=\"border-top-color:#000000\" class=\"nd_options_margin_left_20 nd_options_height_0 nd_options_width_0 nd_options_border_style_solid nd_options_border_color_transparent nd_options_border_width_15 nd_options_border_bottom_width_0\"><\/div> \n    <\/div>\n    <div class=\"nd_options_section nd_options_height_20\"><\/div>\n\n    <div class=\"nd_options_section  nd_options_position_relative\">\n\n      <img decoding=\"async\" alt=\"\" width=\"70\" height=\"70\" class=\"nd_options_position_absolute nd_options_border_radius_100_percentage nd_options_top_0 nd_options_left_0\" src=\"https:\/\/thoselashesbeautique.com\/wp-content\/uploads\/2023\/11\/1717601-200-150x150.png\">\n      \n      <div class=\"nd_options_section nd_options_padding_left_90 nd_options_min_height_70 nd_options_box_sizing_border_box\">\n        <div class=\"nd_options_section nd_options_height_10\"><\/div>\n        <h4 class=\"nd_options_margin_0_important nd_options_font_weight_normal\"><\/h4>\n        <div class=\"nd_options_section nd_options_height_10\"><\/div>\n        <p class=\"nd_options_margin_0_important\"><\/p>\n      <\/div>\n\n    <\/div> \n\n\n  <\/div>\n  <!--END TESTIMONIAL-->\n\n   \n\n  <!--START TESTIMONIAL-->\n  <div class=\"nd_options_section\">\n                                            \n    <div style=\"background-color:#000000\" class=\"nd_options_section nd_options_padding_40 nd_options_border_radius_3 nd_options_text_align_center nd_options_box_sizing_border_box\">\n      <p class=\"nd_options_color_white nd_options_margin_0_important\">First time getting lashes and they came out so gorgeous! 10\/10 recomend\ud83e\udd29 - Sophia<\/p>\n    <\/div> \n    <div class=\"nd_options_section\">\n      <div style=\"border-top-color:#000000\" class=\"nd_options_margin_auto nd_options_height_0 nd_options_width_0 nd_options_border_style_solid nd_options_border_color_transparent nd_options_border_width_15 nd_options_border_bottom_width_0\"><\/div> \n    <\/div>\n    <div class=\"nd_options_section nd_options_height_20\"><\/div>\n\n\n    <div class=\"nd_options_section nd_options_text_align_center\">\n      <img decoding=\"async\" width=\"80\" class=\"nd_options_border_radius_100_percentage\" src=\"https:\/\/thoselashesbeautique.com\/wp-content\/uploads\/2023\/11\/1717601-200-150x150.png\"> \n      <div class=\"nd_options_section nd_options_height_20\"><\/div>\n      <h4 class=\"nd_options_margin_0_important\"><\/h4>\n      <div class=\"nd_options_section nd_options_height_10\"><\/div>\n      <p class=\"nd_options_margin_0_important\"><\/p>\n    <\/div>  \n\n\n  <\/div>\n  <!--END TESTIMONIAL-->\n\n   \n\n  <!--START TESTIMONIAL-->\n  <div class=\"nd_options_section\">\n                                            \n    <div style=\"background-color:#000000\" class=\"nd_options_section nd_options_padding_20 nd_options_box_sizing_border_box\">\n      <p class=\"nd_options_color_white nd_options_margin_0_important\">Me encant\u00f3 tomar el curso de pesta\u00f1as con la maestra Briana la verdad es muy profesional explica todo claramente les recomiendo el curso al \ud83d\udcaf la verdad me encant\u00f3 y aprend\u00ed mucho tomen el curso no se arrepentir\u00e1n y es una inversi\u00f3n de la que nunca se arrepentir\u00e1n gracias maestra por su paciencia y toda la ense\u00f1anza que me dio - Amanda ventura morales<\/p>\n    <\/div> \n    <div class=\"nd_options_section\">\n      <div style=\"border-top-color:#000000\" class=\"nd_options_margin_left_20 nd_options_height_0 nd_options_width_0 nd_options_border_style_solid nd_options_border_color_transparent nd_options_border_width_15 nd_options_border_bottom_width_0\"><\/div> \n    <\/div>\n    <div class=\"nd_options_section nd_options_height_20\"><\/div>\n\n    <div class=\"nd_options_section  nd_options_position_relative\">\n\n      <img decoding=\"async\" alt=\"\" width=\"70\" height=\"70\" class=\"nd_options_position_absolute nd_options_border_radius_100_percentage nd_options_top_0 nd_options_left_0\" src=\"https:\/\/thoselashesbeautique.com\/wp-content\/uploads\/2023\/11\/1717601-200-150x150.png\">\n      \n      <div class=\"nd_options_section nd_options_padding_left_90 nd_options_min_height_70 nd_options_box_sizing_border_box\">\n        <div class=\"nd_options_section nd_options_height_10\"><\/div>\n        <h4 class=\"nd_options_margin_0_important nd_options_font_weight_normal\"><\/h4>\n        <div class=\"nd_options_section nd_options_height_10\"><\/div>\n        <p class=\"nd_options_margin_0_important\"><\/p>\n      <\/div>\n\n    <\/div> \n\n\n  <\/div>\n  <!--END TESTIMONIAL-->\n\n   \n\n  <!--START TESTIMONIAL-->\n  <div class=\"nd_options_section\">\n                                            \n    <div style=\"background-color:#000000\" class=\"nd_options_section nd_options_padding_40 nd_options_border_radius_3 nd_options_text_align_center nd_options_box_sizing_border_box\">\n      <p class=\"nd_options_color_white nd_options_margin_0_important\">Excelente la maestra \ud83e\udd70 - Lucero E<\/p>\n    <\/div> \n    <div class=\"nd_options_section\">\n      <div style=\"border-top-color:#000000\" class=\"nd_options_margin_auto nd_options_height_0 nd_options_width_0 nd_options_border_style_solid nd_options_border_color_transparent nd_options_border_width_15 nd_options_border_bottom_width_0\"><\/div> \n    <\/div>\n    <div class=\"nd_options_section nd_options_height_20\"><\/div>\n\n\n    <div class=\"nd_options_section nd_options_text_align_center\">\n      <img decoding=\"async\" width=\"80\" class=\"nd_options_border_radius_100_percentage\" src=\"https:\/\/thoselashesbeautique.com\/wp-content\/uploads\/2023\/11\/1717601-200-150x150.png\"> \n      <div class=\"nd_options_section nd_options_height_20\"><\/div>\n      <h4 class=\"nd_options_margin_0_important\"><\/h4>\n      <div class=\"nd_options_section nd_options_height_10\"><\/div>\n      <p class=\"nd_options_margin_0_important\"><\/p>\n    <\/div>  \n\n\n  <\/div>\n  <!--END TESTIMONIAL-->\n\n   \n\n  <!--START TESTIMONIAL-->\n  <div class=\"nd_options_section\">\n                                            \n    <div style=\"background-color:#000000\" class=\"nd_options_section nd_options_padding_20 nd_options_box_sizing_border_box\">\n      <p class=\"nd_options_color_white nd_options_margin_0_important\">The individual training was amazing She was patient, knowledgeable, and allowed plenty of practice. The place was quiet, plenty of parking and easy to find. She is pretty friendly! I recommend the individual training! - Estefany J<\/p>\n    <\/div> \n    <div class=\"nd_options_section\">\n      <div style=\"border-top-color:#000000\" class=\"nd_options_margin_left_20 nd_options_height_0 nd_options_width_0 nd_options_border_style_solid nd_options_border_color_transparent nd_options_border_width_15 nd_options_border_bottom_width_0\"><\/div> \n    <\/div>\n    <div class=\"nd_options_section nd_options_height_20\"><\/div>\n\n    <div class=\"nd_options_section  nd_options_position_relative\">\n\n      <img decoding=\"async\" alt=\"\" width=\"70\" height=\"70\" class=\"nd_options_position_absolute nd_options_border_radius_100_percentage nd_options_top_0 nd_options_left_0\" src=\"https:\/\/thoselashesbeautique.com\/wp-content\/uploads\/2023\/11\/1717601-200-150x150.png\">\n      \n      <div class=\"nd_options_section nd_options_padding_left_90 nd_options_min_height_70 nd_options_box_sizing_border_box\">\n        <div class=\"nd_options_section nd_options_height_10\"><\/div>\n        <h4 class=\"nd_options_margin_0_important nd_options_font_weight_normal\"><\/h4>\n        <div class=\"nd_options_section nd_options_height_10\"><\/div>\n        <p class=\"nd_options_margin_0_important\"><\/p>\n      <\/div>\n\n    <\/div> \n\n\n  <\/div>\n  <!--END TESTIMONIAL-->\n\n   \n\n  <!--START TESTIMONIAL-->\n  <div class=\"nd_options_section\">\n                                            \n    <div style=\"background-color:#000000\" class=\"nd_options_section nd_options_padding_40 nd_options_border_radius_3 nd_options_text_align_center nd_options_box_sizing_border_box\">\n      <p class=\"nd_options_color_white nd_options_margin_0_important\">Brii is amazing at what she does \u2764\ufe0f My skin and I thank her. You definitely need to book your next lash set or facial! - Isabel<\/p>\n    <\/div> \n    <div class=\"nd_options_section\">\n      <div style=\"border-top-color:#000000\" class=\"nd_options_margin_auto nd_options_height_0 nd_options_width_0 nd_options_border_style_solid nd_options_border_color_transparent nd_options_border_width_15 nd_options_border_bottom_width_0\"><\/div> \n    <\/div>\n    <div class=\"nd_options_section nd_options_height_20\"><\/div>\n\n\n    <div class=\"nd_options_section nd_options_text_align_center\">\n      <img decoding=\"async\" width=\"80\" class=\"nd_options_border_radius_100_percentage\" src=\"https:\/\/thoselashesbeautique.com\/wp-content\/uploads\/2023\/11\/1717601-200-150x150.png\"> \n      <div class=\"nd_options_section nd_options_height_20\"><\/div>\n      <h4 class=\"nd_options_margin_0_important\"><\/h4>\n      <div class=\"nd_options_section nd_options_height_10\"><\/div>\n      <p class=\"nd_options_margin_0_important\"><\/p>\n    <\/div>  \n\n\n  <\/div>\n  <!--END TESTIMONIAL-->\n\n   <\/div><\/div><\/div><\/div>\n<\/div>","protected":false},"excerpt":{"rendered":"The most amazing start of my lash journey I could\u2019ve ever asked for!\ud83e\udd0d learned so much had so much fun and am now so motivated! - Angel-Marie Me encanto la clase todas las dudas fueron explicadas perfectamente es un ambiente muy bonito muy recomendable \ud83d\ude03 - Marisol solorzano Mi nombre es Alessandra, y tome el [...]","protected":false},"author":1,"featured_media":1325,"parent":0,"menu_order":0,"comment_status":"closed","ping_status":"closed","template":"","meta":{"footnotes":""},"class_list":["post-2522","page","type-page","status-publish","has-post-thumbnail","hentry"],"_links":{"self":[{"href":"https:\/\/thoselashesbeautique.com\/es\/wp-json\/wp\/v2\/pages\/2522","targetHints":{"allow":["GET"]}}],"collection":[{"href":"https:\/\/thoselashesbeautique.com\/es\/wp-json\/wp\/v2\/pages"}],"about":[{"href":"https:\/\/thoselashesbeautique.com\/es\/wp-json\/wp\/v2\/types\/page"}],"author":[{"embeddable":true,"href":"https:\/\/thoselashesbeautique.com\/es\/wp-json\/wp\/v2\/users\/1"}],"replies":[{"embeddable":true,"href":"https:\/\/thoselashesbeautique.com\/es\/wp-json\/wp\/v2\/comments?post=2522"}],"version-history":[{"count":4,"href":"https:\/\/thoselashesbeautique.com\/es\/wp-json\/wp\/v2\/pages\/2522\/revisions"}],"predecessor-version":[{"id":2526,"href":"https:\/\/thoselashesbeautique.com\/es\/wp-json\/wp\/v2\/pages\/2522\/revisions\/2526"}],"wp:featuredmedia":[{"embeddable":true,"href":"https:\/\/thoselashesbeautique.com\/es\/wp-json\/wp\/v2\/media\/1325"}],"wp:attachment":[{"href":"https:\/\/thoselashesbeautique.com\/es\/wp-json\/wp\/v2\/media?parent=2522"}],"curies":[{"name":"wp","href":"https:\/\/api.w.org\/{rel}","templated":true}]}}