{"id":32,"date":"2017-01-24T16:06:54","date_gmt":"2017-01-24T16:06:54","guid":{"rendered":"http:\/\/www.nicdarkthemes.com\/themes\/beauty\/wp\/demo\/?page_id=32"},"modified":"2025-02-16T06:02:24","modified_gmt":"2025-02-16T06:02:24","slug":"services","status":"publish","type":"page","link":"https:\/\/thoselashesbeautique.com\/es\/services\/","title":{"rendered":"Servicios"},"content":{"rendered":"<div class=\"wpb-content-wrapper\"><div class=\"vc_row wpb_row vc_row-fluid vc_custom_1485535823349\"><div class=\"wpb_column vc_column_container vc_col-sm-12 vc_hidden-lg vc_hidden-md vc_hidden-sm vc_hidden-xs\"><div class=\"vc_column-inner\"><div class=\"wpb_wrapper\"><div style=\"background-color:;height: 30px\" class=\"nicdark_section\"><\/div> <h4 style=\"color:#a3a3a3;padding:px;text-align:center;font-size:17px;line-height:17px;letter-spacing: 3px;font-weight:lighter\" class=\"nd_options_second_font\">OUR PRICES<\/h4> <div style=\"background-color:;height: 10px\" class=\"nicdark_section\"><\/div> <h1 style=\"color:#000000;padding:px;text-align:center;font-size:40px;line-height:40px;letter-spacing: px;font-weight:bold\" class=\"nd_options_first_font\">The Best Promotion<\/h1> <\/div><\/div><\/div><\/div><div class=\"vc_row wpb_row vc_row-fluid vc_custom_1484580710818\"><div class=\"wpb_column vc_column_container vc_col-sm-6 vc_hidden-lg vc_hidden-md vc_hidden-sm vc_hidden-xs\"><div class=\"vc_column-inner vc_custom_1739684928574\"><div class=\"wpb_wrapper\"><div class=\"vc_row wpb_row vc_inner vc_row-fluid\"><div class=\"nd_options_text_align_center wpb_column vc_column_container vc_col-sm-12 vc_col-has-fill\"><div class=\"vc_column-inner vc_custom_1699252787854\"><div class=\"wpb_wrapper\"><div style=\"background-color:;height: 229px\" class=\"nicdark_section\"><\/div>\n\n    <div class=\"nd_options_section\">\n        \n\n        <div class=\"nd_options_mpopup_gallery\">\n            <a class=\"nd_options_outline_0 nd_options_mpopup_gallery\" href=\"\">\n                <img decoding=\"async\" width=\"100px\" alt=\"\" class=\"nd_options_transition_all_08_ease nd_options_opacity_05_hover\" src=\"\">\n            <\/a>\n        <\/div>\n\n        \n    <\/div>   \n\n<div style=\"background-color:;height: 229px\" class=\"nicdark_section\"><\/div><\/div><\/div><\/div><\/div><div class=\"vc_row wpb_row vc_inner vc_row-fluid\"><div class=\"nd_options_text_align_center wpb_column vc_column_container vc_col-sm-12 vc_col-has-fill\"><div class=\"vc_column-inner vc_custom_1699256959391\"><div class=\"wpb_wrapper\"><div style=\"background-color:;height: 229px\" class=\"nicdark_section\"><\/div>\n\n    <div class=\"nd_options_section\">\n        \n\n        <div class=\"nd_options_mpopup_gallery\">\n            <a class=\"nd_options_outline_0 nd_options_mpopup_gallery\" href=\"\">\n                <img decoding=\"async\" width=\"100px\" alt=\"\" class=\"nd_options_transition_all_08_ease nd_options_opacity_05_hover\" src=\"\">\n            <\/a>\n        <\/div>\n\n        \n    <\/div>   \n\n<div style=\"background-color:;height: 229px\" class=\"nicdark_section\"><\/div><\/div><\/div><\/div><\/div><\/div><\/div><\/div><div class=\"wpb_column vc_column_container vc_col-sm-6 vc_hidden-lg vc_hidden-md vc_hidden-sm vc_hidden-xs\"><div class=\"vc_column-inner vc_custom_1739684943906\"><div class=\"wpb_wrapper\"><div class=\"vc_row wpb_row vc_inner vc_row-fluid\"><div class=\"nd_options_padding_20_first_div_important_responsive wpb_column vc_column_container vc_col-sm-12 vc_col-has-fill\"><div class=\"vc_column-inner vc_custom_1485536748235\"><div class=\"wpb_wrapper\"><div style=\"background-color:;height: 40px\" class=\"nicdark_section\"><\/div>\n    <div class=\"nd_options_list_component_l1 nd_options_section nd_options_position_relative\">\n\n        <img decoding=\"async\" alt=\"\" class=\"nd_options_position_absolute nd_options_left_0 nd_options_position_initial_all_iphone nd_options_width_100_percentage_all_iphone nd_options_z_index_9\" width=\"80\" src=\"https:\/\/thoselashesbeautique.com\/wp-content\/uploads\/2023\/11\/IMG_5856-1024x1001.jpg\">\n        \n        <div class=\"nd_options_section nd_options_height_15\"><\/div>\n        <div class=\"nd_options_section nd_options_position_relative\">\n            <div class=\"nd_options_position_absolute nd_options_height_3 nd_options_width_100_percentage nd_options_bottom_2 nd_options_border_bottom_2_dotted_grey\"><\/div>\n            <h4 class=\"nd_options_padding_left_100 nd_options_padding_0_all_iphone nd_options_bg_white nd_options_float_left nd_options_position_relative nd_options_padding_right_10\"><strong>TODOS LOS CONJUNTOS<\/strong><\/h4>\n            <h4 class=\"nd_options_bg_white nd_options_float_right nd_options_position_relative nd_options_padding_left_10\"><strong>$135+<\/strong><\/h4>\n        <\/div>\n        <div class=\"nd_options_section nd_options_height_10\"><\/div>\n        <div class=\"nd_options_section\">\n            <p class=\"nd_options_padding_left_100 nd_options_padding_0_all_iphone nd_options_font_weight_lighter nd_options_float_left\">Las extensiones de pesta\u00f1as con volumen son el tipo de extensi\u00f3n de pesta\u00f1as m\u00e1s com\u00fan que existe. Las pesta\u00f1as con volumen se utilizan para crear una apariencia densa y oscura para sus clientes y le permiten convertir un conjunto de pesta\u00f1as naturales en un conjunto hermoso, completo y exuberante. Aseg\u00farese de presentarse al menos 10 minutos antes de su servicio programado para aprovechar al m\u00e1ximo el tiempo de su cita.<\/p>\n            <p style=\"background-color:#000000\" class=\"nd_options_color_white nd_options_display_inline_block nd_options_first_font nd_options_padding_5_10 nd_options_border_radius_15 nd_options_float_right nd_options_font_size_13\">RESERVAR-$15 DE DEP\u00d3SITO<\/p>\n        <\/div>\n    <\/div>\n  <div style=\"background-color:;height: 10px\" class=\"nicdark_section\"><\/div>\n    <div class=\"nd_options_list_component_l1 nd_options_section nd_options_position_relative\">\n\n        <img decoding=\"async\" alt=\"\" class=\"nd_options_position_absolute nd_options_left_0 nd_options_position_initial_all_iphone nd_options_width_100_percentage_all_iphone nd_options_z_index_9\" width=\"80\" src=\"https:\/\/thoselashesbeautique.com\/wp-content\/uploads\/2023\/11\/IMG_5856-1024x1001.jpg\">\n        \n        <div class=\"nd_options_section nd_options_height_15\"><\/div>\n        <div class=\"nd_options_section nd_options_position_relative\">\n            <div class=\"nd_options_position_absolute nd_options_height_3 nd_options_width_100_percentage nd_options_bottom_2 nd_options_border_bottom_2_dotted_grey\"><\/div>\n            <h4 class=\"nd_options_padding_left_100 nd_options_padding_0_all_iphone nd_options_bg_white nd_options_float_left nd_options_position_relative nd_options_padding_right_10\"><strong>RECARGA H\u00cdBRIDA\/VOLUMEN<\/strong><\/h4>\n            <h4 class=\"nd_options_bg_white nd_options_float_right nd_options_position_relative nd_options_padding_left_10\"><strong>$100<\/strong><\/h4>\n        <\/div>\n        <div class=\"nd_options_section nd_options_height_10\"><\/div>\n        <div class=\"nd_options_section\">\n            <p class=\"nd_options_padding_left_100 nd_options_padding_0_all_iphone nd_options_font_weight_lighter nd_options_float_left\">Una cita de recarga es el mantenimiento de un juego completo existente; estar\u00e1 en un programa de recarga de 2 semanas para garantizar que sus pesta\u00f1as luzcan incre\u00edbles incluso en los d\u00edas de recarga. Sin embargo, esto depende del estilista y es posible que se le aplique un programa de llenado de 3 semanas si cumple con los criterios. Los factores importantes incluyen la velocidad del crecimiento natural de las pesta\u00f1as, las pr\u00e1cticas de cuidado posterior y el estilo de vida.<\/p>\n            <p style=\"background-color:#000000\" class=\"nd_options_color_white nd_options_display_inline_block nd_options_first_font nd_options_padding_5_10 nd_options_border_radius_15 nd_options_float_right nd_options_font_size_13\">RESERVAR-$15 DE DEP\u00d3SITO<\/p>\n        <\/div>\n    <\/div>\n  <div style=\"background-color:;height: 10px\" class=\"nicdark_section\"><\/div>\n    <div class=\"nd_options_list_component_l1 nd_options_section nd_options_position_relative\">\n\n        <img decoding=\"async\" alt=\"\" class=\"nd_options_position_absolute nd_options_left_0 nd_options_position_initial_all_iphone nd_options_width_100_percentage_all_iphone nd_options_z_index_9\" width=\"80\" src=\"https:\/\/thoselashesbeautique.com\/wp-content\/uploads\/2023\/11\/IMG_5856-1024x1001.jpg\">\n        \n        <div class=\"nd_options_section nd_options_height_15\"><\/div>\n        <div class=\"nd_options_section nd_options_position_relative\">\n            <div class=\"nd_options_position_absolute nd_options_height_3 nd_options_width_100_percentage nd_options_bottom_2 nd_options_border_bottom_2_dotted_grey\"><\/div>\n            <h4 class=\"nd_options_padding_left_100 nd_options_padding_0_all_iphone nd_options_bg_white nd_options_float_left nd_options_position_relative nd_options_padding_right_10\"><strong>ELIMINACI\u00d3N DE PESTA\u00d1AS<\/strong><\/h4>\n            <h4 class=\"nd_options_bg_white nd_options_float_right nd_options_position_relative nd_options_padding_left_10\"><strong>$35<\/strong><\/h4>\n        <\/div>\n        <div class=\"nd_options_section nd_options_height_10\"><\/div>\n        <div class=\"nd_options_section\">\n            <p class=\"nd_options_padding_left_100 nd_options_padding_0_all_iphone nd_options_font_weight_lighter nd_options_float_left\">Eliminamos suavemente las extensiones de pesta\u00f1as no deseadas utilizando nuestro removedor en crema. El proceso dura entre 15 y 30 minutos.<\/p>\n            <p style=\"background-color:\" class=\"nd_options_color_grey nd_options_border_1_solid_grey nd_options_display_inline_block nd_options_first_font nd_options_padding_5_10 nd_options_border_radius_15 nd_options_float_right nd_options_font_size_13\"><\/p>\n        <\/div>\n    <\/div>\n  <div style=\"background-color:;height: 10px\" class=\"nicdark_section\"><\/div>\n    <div class=\"nd_options_list_component_l1 nd_options_section nd_options_position_relative\">\n\n        <img decoding=\"async\" alt=\"\" class=\"nd_options_position_absolute nd_options_left_0 nd_options_position_initial_all_iphone nd_options_width_100_percentage_all_iphone nd_options_z_index_9\" width=\"80\" src=\"https:\/\/thoselashesbeautique.com\/wp-content\/uploads\/2023\/11\/Screen-Shot-2023-11-05-at-11.51.00-PM.png\">\n        \n        <div class=\"nd_options_section nd_options_height_15\"><\/div>\n        <div class=\"nd_options_section nd_options_position_relative\">\n            <div class=\"nd_options_position_absolute nd_options_height_3 nd_options_width_100_percentage nd_options_bottom_2 nd_options_border_bottom_2_dotted_grey\"><\/div>\n            <h4 class=\"nd_options_padding_left_100 nd_options_padding_0_all_iphone nd_options_bg_white nd_options_float_left nd_options_position_relative nd_options_padding_right_10\"><strong>FACIAL PARA ADOLESCENTES (35-40 MIN)<\/strong><\/h4>\n            <h4 class=\"nd_options_bg_white nd_options_float_right nd_options_position_relative nd_options_padding_left_10\"><strong>$75<\/strong><\/h4>\n        <\/div>\n        <div class=\"nd_options_section nd_options_height_10\"><\/div>\n        <div class=\"nd_options_section\">\n            <p class=\"nd_options_padding_left_100 nd_options_padding_0_all_iphone nd_options_font_weight_lighter nd_options_float_left\">Una valiosa experiencia educativa para todos los adolescentes, este tratamiento facial aborda aspectos importantes de limpieza, exfoliaci\u00f3n y protecci\u00f3n contra los efectos da\u00f1inos del sol. Tambi\u00e9n proporciona resultados aclaradores para los adolescentes propensos a sufrir brotes de acn\u00e9.<\/p>\n            <p style=\"background-color:#000000\" class=\"nd_options_color_white nd_options_display_inline_block nd_options_first_font nd_options_padding_5_10 nd_options_border_radius_15 nd_options_float_right nd_options_font_size_13\">RESERVAR-$15 DE DEP\u00d3SITO<\/p>\n        <\/div>\n    <\/div>\n  <div style=\"background-color:;height: 10px\" class=\"nicdark_section\"><\/div>\n    <div class=\"nd_options_list_component_l1 nd_options_section nd_options_position_relative\">\n\n        <img decoding=\"async\" alt=\"\" class=\"nd_options_position_absolute nd_options_left_0 nd_options_position_initial_all_iphone nd_options_width_100_percentage_all_iphone nd_options_z_index_9\" width=\"80\" src=\"https:\/\/thoselashesbeautique.com\/wp-content\/uploads\/2023\/11\/Screen-Shot-2023-11-05-at-11.50.46-PM.png\">\n        \n        <div class=\"nd_options_section nd_options_height_15\"><\/div>\n        <div class=\"nd_options_section nd_options_position_relative\">\n            <div class=\"nd_options_position_absolute nd_options_height_3 nd_options_width_100_percentage nd_options_bottom_2 nd_options_border_bottom_2_dotted_grey\"><\/div>\n            <h4 class=\"nd_options_padding_left_100 nd_options_padding_0_all_iphone nd_options_bg_white nd_options_float_left nd_options_position_relative nd_options_padding_right_10\"><strong>FACIALES<\/strong><\/h4>\n            <h4 class=\"nd_options_bg_white nd_options_float_right nd_options_position_relative nd_options_padding_left_10\"><strong>$75-$150<\/strong><\/h4>\n        <\/div>\n        <div class=\"nd_options_section nd_options_height_10\"><\/div>\n        <div class=\"nd_options_section\">\n            <p class=\"nd_options_padding_left_100 nd_options_padding_0_all_iphone nd_options_font_weight_lighter nd_options_float_left\">Un tratamiento facial personalizado es un tratamiento facial completamente personalizado dise\u00f1ado para tratar todos y cada uno de los problemas de la piel que enfrenta. Ya sea que su enfoque sea el acn\u00e9, la hidrataci\u00f3n, el antienvejecimiento, el brillo facial, la limpieza profunda o una combinaci\u00f3n. Los adolescentes mayores de 14 a\u00f1os son bienvenidos.<\/p>\n            <p style=\"background-color:#000000\" class=\"nd_options_color_white nd_options_display_inline_block nd_options_first_font nd_options_padding_5_10 nd_options_border_radius_15 nd_options_float_right nd_options_font_size_13\">RESERVAR-$15 DE DEP\u00d3SITO<\/p>\n        <\/div>\n    <\/div>\n  <\/div><\/div><\/div><\/div><\/div><\/div><\/div><\/div><div data-vc-full-width=\"true\" data-vc-full-width-init=\"false\" data-vc-parallax=\"1.5\" data-vc-parallax-image=\"https:\/\/thoselashesbeautique.com\/wp-content\/uploads\/2023\/11\/10adf26fe0de341e67a1cf7ebb16d0ff99587f323866199849464732ab7dc5bf.jpg\" class=\"vc_row wpb_row vc_row-fluid nd_options_vc_parallax_filter_1_3 vc_custom_1699254040558 vc_row-has-fill vc_row-o-content-middle vc_row-flex vc_general vc_parallax vc_parallax-content-moving\"><div class=\"wpb_column vc_column_container vc_col-sm-3\"><div class=\"vc_column-inner\"><div class=\"wpb_wrapper\"><div style=\"background-color:;height: 10px\" class=\"nicdark_section\"><\/div>\n\n    <!--START PRICE-->\n    <div class=\"nd_options_price_component_l4 nd_options_section nd_options_bg_white nd_options_border_radius_25\">\n                            \n        \n    <div style=\"background-color:#000000\" class=\"nd_options_price_component_l4_top nd_options_border_radius_25_25_0_0 nd_options_section nd_options_box_sizing_border_box nd_options_padding_40\">\n\n        <h5 class=\"nd_options_text_transform_uppercase nd_options_second_font nd_options_letter_spacing_3 nd_options_color_white\"><strong>CURSO DE PESTA\u00d1AS PARA PRINCIPANTES<\/strong><\/h5>\n        <div class=\"nd_options_section nd_options_height_10\"><\/div>\n        <h1 class=\"nd_options_font_size_40 nd_options_color_white\">$1,500<\/h1>\n        <div class=\"nd_options_section nd_options_height_20\"><\/div>\n        <h4 class=\"nd_options_color_white nd_options_font_size_12 nd_options_text_transform_uppercase nd_options_letter_spacing_3 nd_options_second_font nd_options_font_weight_lighter\">DEP\u00d3SITO NO REEMBOLSABLE DE $200<\/h4>\n\n    <\/div>\n\n        <div class=\"nd_options_section nd_options_price_component_l4_middle nd_options_bg_white nd_options_box_sizing_border_box nd_options_padding_0_40\">\n            Invest into this PRIVATE LESSON most in depth 4 day lash training! \u2728 Foundational knowledge needed to kickstart your career in eyelash extensions. Grab this intense lash course to learn the fundementals of eyelash extensions, classic,eyelash techniques.\n        <\/div>\n\n        <div class=\"nd_options_section nd_options_price_component_l4_bottom nd_options_box_sizing_border_box nd_options_padding_40\">\n\n            <a rel=\"\" style=\"background-color:#000000\" class=\"nd_options_display_inline_block nd_options_color_white nd_options_first_font nd_options_padding_8_12 nd_options_border_radius_20 nd_options_font_size_13\" href=\"https:\/\/www.fresha.com\/a\/those-lashes-beautique-costa-mesa-1525-west-macarthur-boulevard-hbk7utmm\">RESERVAR CURSO<\/a>\n\n        <\/div>\n\n    <\/div>\n    <!--END PRICE-->\n\n   <div style=\"background-color:;height: 10px\" class=\"nicdark_section\"><\/div><\/div><\/div><\/div><div class=\"wpb_column vc_column_container vc_col-sm-3\"><div class=\"vc_column-inner\"><div class=\"wpb_wrapper\"><div style=\"background-color:;height: 10px\" class=\"nicdark_section\"><\/div>\n\n    <!--START PRICE-->\n    <div class=\"nd_options_price_component_l4 nd_options_section nd_options_bg_white nd_options_border_radius_25\">\n                            \n        \n    <div style=\"background-color:#000000\" class=\"nd_options_price_component_l4_top nd_options_border_radius_25_25_0_0 nd_options_section nd_options_box_sizing_border_box nd_options_padding_40\">\n\n        <h5 class=\"nd_options_text_transform_uppercase nd_options_second_font nd_options_letter_spacing_3 nd_options_color_white\"><strong>CURSO DE PESTA\u00d1AS EN GRUPO<\/strong><\/h5>\n        <div class=\"nd_options_section nd_options_height_10\"><\/div>\n        <h1 class=\"nd_options_font_size_40 nd_options_color_white\">$650<\/h1>\n        <div class=\"nd_options_section nd_options_height_20\"><\/div>\n        <h4 class=\"nd_options_color_white nd_options_font_size_12 nd_options_text_transform_uppercase nd_options_letter_spacing_3 nd_options_second_font nd_options_font_weight_lighter\">$100 NON REFUNDABLE DEPOSIT<\/h4>\n\n    <\/div>\n\n        <div class=\"nd_options_section nd_options_price_component_l4_middle nd_options_bg_white nd_options_box_sizing_border_box nd_options_padding_0_40\">\n            Dominar la t\u00e9cnica cl\u00e1sica de iniciaci\u00f3n, es lo m\u00e1s t\u00e9cnico, por lo que es fundamental tenerlo todo claro, y desarrollarla con naturalidad, agilidad y rapidez.\n        <\/div>\n\n        <div class=\"nd_options_section nd_options_price_component_l4_bottom nd_options_box_sizing_border_box nd_options_padding_40\">\n\n            <a rel=\"\" style=\"background-color:#000000\" class=\"nd_options_display_inline_block nd_options_color_white nd_options_first_font nd_options_padding_8_12 nd_options_border_radius_20 nd_options_font_size_13\" href=\"https:\/\/www.fresha.com\/a\/those-lashes-beautique-costa-mesa-1525-west-macarthur-boulevard-hbk7utmm\">RESERVAR CURSO<\/a>\n\n        <\/div>\n\n    <\/div>\n    <!--END PRICE-->\n\n   <div style=\"background-color:;height: 10px\" class=\"nicdark_section\"><\/div><\/div><\/div><\/div><div class=\"nd_options_text_align_center wpb_column vc_column_container vc_col-sm-6\"><div class=\"vc_column-inner vc_custom_1485270201295\"><div class=\"wpb_wrapper\"><div style=\"background-color:;height: 10px\" class=\"nicdark_section\"><\/div> <h1 style=\"color:#ffffff;padding:px;text-align:center;font-size:50px;line-height:50px;letter-spacing: px;font-weight:bold\" class=\"nd_options_first_font\">APRENDER\u00c1S<\/h1> <div style=\"background-color:;height: 30px\" class=\"nicdark_section\"><\/div> <p style=\"color:#ffffff;padding:px;text-align:center;font-size:13px;line-height:25px;letter-spacing: 3px;font-weight:lighter\" class=\"nd_options_second_font\">ANATOM\u00cdA, CRECIMIENTO DE PESTA\u00d1AS, DESINFECCI\u00d3N, ELIMINACI\u00d3N DE PESTA\u00d1AS, AISLAMIENTO ADECUADO, ALERGIAS, RIZOS, MAPEO \u00a1Y MUCHO M\u00c1S!<\/p> <div style=\"background-color:;height: 30px\" class=\"nicdark_section\"><\/div> <h1 style=\"color:#ffffff;padding:px;text-align:center;font-size:50px;line-height:50px;letter-spacing: px;font-weight:bold\" class=\"nd_options_first_font\">WHATS INCLUDED?<\/h1> <div style=\"background-color:;height: 30px\" class=\"nicdark_section\"><\/div> <p style=\"color:#ffffff;padding:px;text-align:center;font-size:13px;line-height:25px;letter-spacing: 3px;font-weight:lighter\" class=\"nd_options_second_font\">CERTIFICADO AL FINALIZAR, SOPORTE CONTINUO, KIT DE INICIO, MANUAL DE PESTA\u00d1AS, PR\u00c1CTICA DE MANIQU\u00cd, GRUPOS PEQUE\u00d1OS(4)<\/p> <div style=\"background-color:;height: 10px\" class=\"nicdark_section\"><\/div><\/div><\/div><\/div><\/div><div class=\"vc_row-full-width vc_clearfix\"><\/div>\n<\/div>","protected":false},"excerpt":{"rendered":"OUR PRICES The Best Promotion ALL SETS $135+ Volume lash extensions are the most common type of eyelash extension style out there. Volume lashes are used to create a dense, dark look for your clients, and allow you to turn a natural set of eyelashes into a beautiful, full, lush set. Be sure to show [...]","protected":false},"author":1,"featured_media":0,"parent":0,"menu_order":0,"comment_status":"closed","ping_status":"closed","template":"","meta":{"footnotes":""},"class_list":["post-32","page","type-page","status-publish","hentry"],"_links":{"self":[{"href":"https:\/\/thoselashesbeautique.com\/es\/wp-json\/wp\/v2\/pages\/32","targetHints":{"allow":["GET"]}}],"collection":[{"href":"https:\/\/thoselashesbeautique.com\/es\/wp-json\/wp\/v2\/pages"}],"about":[{"href":"https:\/\/thoselashesbeautique.com\/es\/wp-json\/wp\/v2\/types\/page"}],"author":[{"embeddable":true,"href":"https:\/\/thoselashesbeautique.com\/es\/wp-json\/wp\/v2\/users\/1"}],"replies":[{"embeddable":true,"href":"https:\/\/thoselashesbeautique.com\/es\/wp-json\/wp\/v2\/comments?post=32"}],"version-history":[{"count":45,"href":"https:\/\/thoselashesbeautique.com\/es\/wp-json\/wp\/v2\/pages\/32\/revisions"}],"predecessor-version":[{"id":2723,"href":"https:\/\/thoselashesbeautique.com\/es\/wp-json\/wp\/v2\/pages\/32\/revisions\/2723"}],"wp:attachment":[{"href":"https:\/\/thoselashesbeautique.com\/es\/wp-json\/wp\/v2\/media?parent=32"}],"curies":[{"name":"wp","href":"https:\/\/api.w.org\/{rel}","templated":true}]}}